{"id":4889,"date":"2021-09-21T15:53:20","date_gmt":"2021-09-21T13:53:20","guid":{"rendered":"https:\/\/montessori-seeds.ch\/our-pedagogy\/"},"modified":"2022-05-24T20:37:42","modified_gmt":"2022-05-24T18:37:42","slug":"our-pedagogy","status":"publish","type":"page","link":"https:\/\/montessori-seeds.ch\/en\/our-pedagogy\/","title":{"rendered":"Our pedagogy"},"content":{"rendered":"\t\t<div data-elementor-type=\"wp-page\" data-elementor-id=\"4889\" class=\"elementor elementor-4889 elementor-2993\" data-elementor-post-type=\"page\">\n\t\t\t\t\t\t<section class=\"elementor-section elementor-top-section elementor-element elementor-element-678949c elementor-section-boxed elementor-section-height-default elementor-section-height-default\" data-id=\"678949c\" data-element_type=\"section\" data-e-type=\"section\">\n\t\t\t\t\t\t<div class=\"elementor-container elementor-column-gap-default\">\n\t\t\t\t\t<div class=\"elementor-column elementor-col-100 elementor-top-column elementor-element elementor-element-3db6768\" data-id=\"3db6768\" data-element_type=\"column\" data-e-type=\"column\">\n\t\t\t<div class=\"elementor-widget-wrap elementor-element-populated\">\n\t\t\t\t\t\t<div class=\"elementor-element elementor-element-0c3d8dc elementor-widget elementor-widget-heading\" data-id=\"0c3d8dc\" data-element_type=\"widget\" data-e-type=\"widget\" data-widget_type=\"heading.default\">\n\t\t\t\t<div class=\"elementor-widget-container\">\n\t\t\t\t\t<h1 class=\"elementor-heading-title elementor-size-default\">La p\u00e9dagogie Montessori<\/h1>\t\t\t\t<\/div>\n\t\t\t\t<\/div>\n\t\t\t\t<div class=\"elementor-element elementor-element-f1d5c5b elementor-widget elementor-widget-text-editor\" data-id=\"f1d5c5b\" data-element_type=\"widget\" data-e-type=\"widget\" data-widget_type=\"text-editor.default\">\n\t\t\t\t<div class=\"elementor-widget-container\">\n\t\t\t\t\t\t\t\t\t<p>La p\u00e9dagogie Montessori est bas\u00e9e sur les recherches du <a href=\"https:\/\/montessori-seeds.ch\/notre-pedagogie\/docteur-maria-montessori\/\">Docteur Maria Montessori<\/a>. Cette p\u00e9dagogie apprend \u00e0 l&#8217;enfant \u00e0 devenir un adulte responsable et \u00e9quilibr\u00e9.\u00a0<\/p><p>Notre \u00e9cole Montessori Seeds of Knowledge propose de regrouper les enfants par tranche d&#8217;\u00e2ge :\u00a0<\/p><ul><li><a href=\"https:\/\/montessori-seeds.ch\/nos-classes\/pedagogie-montessori-3-6-ans\/\">3 &#8211; 6 ans<\/a><\/li><li><a href=\"https:\/\/montessori-seeds.ch\/nos-classes\/pedagogie-montessori-6-12-ans\/\">6 &#8211; 12 ans<\/a><\/li><li><a href=\"https:\/\/montessori-seeds.ch\/nos-classes\/pedagogie-montessori-12-15-ans\/\">12 &#8211; 15 ans<\/a><\/li><\/ul>\t\t\t\t\t\t\t\t<\/div>\n\t\t\t\t<\/div>\n\t\t\t\t\t<\/div>\n\t\t<\/div>\n\t\t\t\t\t<\/div>\n\t\t<\/section>\n\t\t\t\t<\/div>\n\t\t","protected":false},"excerpt":{"rendered":"","protected":false},"author":1,"featured_media":0,"parent":0,"menu_order":0,"comment_status":"closed","ping_status":"closed","template":"","meta":{"site-sidebar-layout":"no-sidebar","site-content-layout":"page-builder","ast-site-content-layout":"default","site-content-style":"default","site-sidebar-style":"default","ast-global-header-display":"","ast-banner-title-visibility":"","ast-main-header-display":"","ast-hfb-above-header-display":"","ast-hfb-below-header-display":"","ast-hfb-mobile-header-display":"","site-post-title":"disabled","ast-breadcrumbs-content":"","ast-featured-img":"disabled","footer-sml-layout":"","ast-disable-related-posts":"","theme-transparent-header-meta":"default","adv-header-id-meta":"","stick-header-meta":"default","header-above-stick-meta":"","header-main-stick-meta":"","header-below-stick-meta":"","astra-migrate-meta-layouts":"default","ast-page-background-enabled":"default","ast-page-background-meta":{"desktop":{"background-color":"var(--ast-global-color-4)","background-image":"","background-repeat":"repeat","background-position":"center center","background-size":"auto","background-attachment":"scroll","background-type":"","background-media":"","overlay-type":"","overlay-color":"","overlay-opacity":"","overlay-gradient":""},"tablet":{"background-color":"","background-image":"","background-repeat":"repeat","background-position":"center center","background-size":"auto","background-attachment":"scroll","background-type":"","background-media":"","overlay-type":"","overlay-color":"","overlay-opacity":"","overlay-gradient":""},"mobile":{"background-color":"","background-image":"","background-repeat":"repeat","background-position":"center center","background-size":"auto","background-attachment":"scroll","background-type":"","background-media":"","overlay-type":"","overlay-color":"","overlay-opacity":"","overlay-gradient":""}},"ast-content-background-meta":{"desktop":{"background-color":"var(--ast-global-color-5)","background-image":"","background-repeat":"repeat","background-position":"center center","background-size":"auto","background-attachment":"scroll","background-type":"","background-media":"","overlay-type":"","overlay-color":"","overlay-opacity":"","overlay-gradient":""},"tablet":{"background-color":"var(--ast-global-color-5)","background-image":"","background-repeat":"repeat","background-position":"center center","background-size":"auto","background-attachment":"scroll","background-type":"","background-media":"","overlay-type":"","overlay-color":"","overlay-opacity":"","overlay-gradient":""},"mobile":{"background-color":"var(--ast-global-color-5)","background-image":"","background-repeat":"repeat","background-position":"center center","background-size":"auto","background-attachment":"scroll","background-type":"","background-media":"","overlay-type":"","overlay-color":"","overlay-opacity":"","overlay-gradient":""}},"footnotes":""},"class_list":["post-4889","page","type-page","status-publish","hentry"],"_links":{"self":[{"href":"https:\/\/montessori-seeds.ch\/en\/wp-json\/wp\/v2\/pages\/4889","targetHints":{"allow":["GET"]}}],"collection":[{"href":"https:\/\/montessori-seeds.ch\/en\/wp-json\/wp\/v2\/pages"}],"about":[{"href":"https:\/\/montessori-seeds.ch\/en\/wp-json\/wp\/v2\/types\/page"}],"author":[{"embeddable":true,"href":"https:\/\/montessori-seeds.ch\/en\/wp-json\/wp\/v2\/users\/1"}],"replies":[{"embeddable":true,"href":"https:\/\/montessori-seeds.ch\/en\/wp-json\/wp\/v2\/comments?post=4889"}],"version-history":[{"count":0,"href":"https:\/\/montessori-seeds.ch\/en\/wp-json\/wp\/v2\/pages\/4889\/revisions"}],"wp:attachment":[{"href":"https:\/\/montessori-seeds.ch\/en\/wp-json\/wp\/v2\/media?parent=4889"}],"curies":[{"name":"wp","href":"https:\/\/api.w.org\/{rel}","templated":true}]}}